{"id":945,"date":"2024-02-16T01:07:28","date_gmt":"2024-02-16T01:07:28","guid":{"rendered":"https:\/\/exposiq.ch\/about-us-it\/"},"modified":"2026-02-22T19:11:31","modified_gmt":"2026-02-22T19:11:31","slug":"about-us-it","status":"publish","type":"page","link":"https:\/\/exposiq.ch\/it\/about-us-it\/","title":{"rendered":"Chi siamo"},"content":{"rendered":"\n<div class=\"gb-element-db8237c8\">\n<div class=\"gb-element-f6b02e0f\">\n<img loading=\"lazy\" decoding=\"async\" width=\"1024\" height=\"1792\" class=\"gb-media-02407f84\" src=\"https:\/\/exposiq.ch\/wp-content\/uploads\/2026\/02\/zurich-security-switzerland.jpg\" alt=\"\" title=\"zurich-security-switzerland\" srcset=\"https:\/\/exposiq.ch\/wp-content\/uploads\/2026\/02\/zurich-security-switzerland.jpg 1024w, https:\/\/exposiq.ch\/wp-content\/uploads\/2026\/02\/zurich-security-switzerland-171x300.jpg 171w, https:\/\/exposiq.ch\/wp-content\/uploads\/2026\/02\/zurich-security-switzerland-585x1024.jpg 585w, https:\/\/exposiq.ch\/wp-content\/uploads\/2026\/02\/zurich-security-switzerland-768x1344.jpg 768w, https:\/\/exposiq.ch\/wp-content\/uploads\/2026\/02\/zurich-security-switzerland-878x1536.jpg 878w\" sizes=\"auto, (max-width: 1024px) 100vw, 1024px\" \/>\n\n\n\n<div class=\"gb-element-a1849218\">\n<h3 class=\"gb-text gb-text-b28c2409\">ExposIQ Platform<\/h3>\n\n\n\n<h2 class=\"gb-text gb-text-0f2e8cfc\">Competenza svizzera nella sicurezza da oltre 30 anni<\/h2>\n\n\n\n<p>ExposIQ \u00e8 stata fondata da Andriu Isenring \u2013 specialista di sicurezza\ncertificato CISSP con oltre 30 anni di esperienza nella sicurezza informatica.\n\nIn centinaia di penetration test e valutazioni di sicurezza per aziende\nsvizzere e internazionali \u2013 dalle PMI alle grandi imprese, in settori come\nfinanza, industria, sanit\u00e0 e pubblica amministrazione \u2013 una constatazione\nsi \u00e8 confermata pi\u00f9 e pi\u00f9 volte: la maggior parte delle aziende non fallisce\nper mancanza di tecnologia, ma a causa della complessit\u00e0 e dei costi delle\nsoluzioni di sicurezza esistenti.\n\nExposIQ mette fine a tutto questo. La piattaforma concentra l&#8217;esperienza\ndi migliaia di valutazioni di sicurezza reali in uno strumento automatizzato\nche offre la stessa profondit\u00e0 di scansione degli strumenti enterprise \u2013\nsenza la loro complessit\u00e0 e i loro costi.\n\nOspitata in Svizzera. Report nella vostra lingua. Costruita da qualcuno\nche sa cosa conta davvero in una valutazione di sicurezza.<\/p>\n\n\n\n<p><br><a href=\"https:\/\/sites.generatepress.com\/solar\/#\" target=\"_blank\" rel=\"noopener\"><\/a><\/p>\n\n\n\n<a class=\"gb-text gb-text-3f22f103\" href=\"#\">Scopri la piattaforma<\/a>\n<\/div>\n<\/div>\n<\/div>\n\n\n\n<div class=\"gb-element-39a8d74f\">\n<img loading=\"lazy\" decoding=\"async\" width=\"220\" height=\"120\" class=\"gb-media-d7eef182\" src=\"https:\/\/exposiq.ch\/wp-content\/uploads\/2026\/02\/badge-cissp.svg\" title=\"badge-cissp\" alt=\"\"\/>\n\n\n\n<img loading=\"lazy\" decoding=\"async\" width=\"220\" height=\"120\" class=\"gb-media-1d03f4c7\" src=\"https:\/\/exposiq.ch\/wp-content\/uploads\/2026\/02\/badge-encrypted.svg\" title=\"badge-encrypted\" alt=\"\"\/>\n\n\n\n<img loading=\"lazy\" decoding=\"async\" width=\"220\" height=\"120\" class=\"gb-media-e4b55073\" src=\"https:\/\/exposiq.ch\/wp-content\/uploads\/2026\/02\/badge-enterprise.svg\" title=\"badge-enterprise\" alt=\"\"\/>\n\n\n\n<img loading=\"lazy\" decoding=\"async\" width=\"220\" height=\"120\" class=\"gb-media-2524ffbf\" src=\"https:\/\/exposiq.ch\/wp-content\/uploads\/2026\/02\/badge-experience.svg\" title=\"badge-experience\" alt=\"\"\/>\n\n\n\n<img loading=\"lazy\" decoding=\"async\" width=\"220\" height=\"120\" class=\"gb-media-de495de0\" src=\"https:\/\/exposiq.ch\/wp-content\/uploads\/2026\/02\/badge-ndsg.svg\" title=\"badge-ndsg\" alt=\"\"\/>\n\n\n\n<img loading=\"lazy\" decoding=\"async\" width=\"220\" height=\"120\" class=\"gb-media-ce407077\" src=\"https:\/\/exposiq.ch\/wp-content\/uploads\/2026\/02\/badge-swiss-hosted.svg\" title=\"badge-swiss-hosted\" alt=\"\"\/>\n<\/div>\n\n\n\n<div class=\"gb-element-b24ccf75\">\n<div class=\"gb-element-cd901fa6\">\n<div class=\"gb-element-f1ff1cfa\">\n<h3 class=\"gb-text gb-text-a0aaa7a7\">LA PIATTAFORMA IN CIFRE<\/h3>\n\n\n\n<h2 class=\"gb-text gb-text-5c691d92\">Cosa fa ExposIQ per la vostra sicurezza<\/h2>\n<\/div>\n\n\n\n<div class=\"gb-element-266627f9\">\n<p>Dopo anni di utilizzo di costosi strumenti enterprise, sovradimensionati\nper le PMI, e soluzioni open source che richiedono troppe competenze\ntecniche, ho sviluppato ExposIQ: una piattaforma che unisce il meglio di\nentrambi i mondi \u2013 profondit\u00e0 di scansione professionale con facilit\u00e0\nd&#8217;uso, a un prezzo equo.<\/p>\n\n\n\n<pre class=\"wp-block-code\"><code>Andriu Isenring, Fondatore &amp; CISSP<\/code><\/pre>\n<\/div>\n<\/div>\n\n\n\n<div class=\"gb-element-8c7a7491\">\n<div class=\"gb-element-f2173db5\">\n<div class=\"gb-element-8f397285\">\n<div class=\"gb-text gb-text-2c58b262\">35 +<\/div>\n\n\n\n<p>Scan Engines<\/p>\n<\/div>\n\n\n\n<div class=\"gb-element-4bcb39d5\">\n<div class=\"gb-text gb-text-39851d5c\">64&#8217;000<\/div>\n\n\n\n<p>Libreria CVE<\/p>\n<\/div>\n\n\n\n<div class=\"gb-element-db401cd5\">\n<div class=\"gb-text gb-text-3d58a677\">112<\/div>\n\n\n\n<p>Moduli exploit<\/p>\n<\/div>\n<\/div>\n<\/div>\n<\/div>\n\n\n\n<div class=\"gb-element-adb01520\">\n<div class=\"gb-element-fa090eb5\"><\/div>\n<\/div>\n\n\n\n<p><\/p>\n\n","protected":false},"excerpt":{"rendered":"<p>ExposIQ Platform Competenza svizzera nella sicurezza da oltre 30 anni ExposIQ \u00e8 stata fondata da Andriu Isenring \u2013 specialista di sicurezza certificato CISSP con oltre 30 anni di esperienza nella sicurezza informatica. In centinaia di penetration test e valutazioni di sicurezza per aziende svizzere e internazionali \u2013 dalle PMI alle grandi imprese, in settori come &#8230; <a title=\"Chi siamo\" class=\"read-more\" href=\"https:\/\/exposiq.ch\/it\/about-us-it\/\" aria-label=\"Per saperne di pi\u00f9 su Chi siamo\">Leggi tutto<\/a><\/p>\n","protected":false},"author":0,"featured_media":0,"parent":0,"menu_order":0,"comment_status":"closed","ping_status":"closed","template":"","meta":{"rank_math_focus_keyword":"","rank_math_title":"","rank_math_description":"","rank_math_robots":"","rank_math_canonical_url":"","rank_math_primary_category":"","footnotes":""},"class_list":["post-945","page","type-page","status-publish"],"_links":{"self":[{"href":"https:\/\/exposiq.ch\/it\/wp-json\/wp\/v2\/pages\/945","targetHints":{"allow":["GET"]}}],"collection":[{"href":"https:\/\/exposiq.ch\/it\/wp-json\/wp\/v2\/pages"}],"about":[{"href":"https:\/\/exposiq.ch\/it\/wp-json\/wp\/v2\/types\/page"}],"replies":[{"embeddable":true,"href":"https:\/\/exposiq.ch\/it\/wp-json\/wp\/v2\/comments?post=945"}],"version-history":[{"count":1,"href":"https:\/\/exposiq.ch\/it\/wp-json\/wp\/v2\/pages\/945\/revisions"}],"predecessor-version":[{"id":978,"href":"https:\/\/exposiq.ch\/it\/wp-json\/wp\/v2\/pages\/945\/revisions\/978"}],"wp:attachment":[{"href":"https:\/\/exposiq.ch\/it\/wp-json\/wp\/v2\/media?parent=945"}],"curies":[{"name":"wp","href":"https:\/\/api.w.org\/{rel}","templated":true}]}}