{"id":944,"date":"2024-02-16T01:07:28","date_gmt":"2024-02-16T01:07:28","guid":{"rendered":"https:\/\/exposiq.ch\/about-us-fr\/"},"modified":"2026-02-22T19:11:30","modified_gmt":"2026-02-22T19:11:30","slug":"about-us-fr","status":"publish","type":"page","link":"https:\/\/exposiq.ch\/fr\/about-us-fr\/","title":{"rendered":"\u00c0 propos"},"content":{"rendered":"\n<div class=\"gb-element-db8237c8\">\n<div class=\"gb-element-f6b02e0f\">\n<img loading=\"lazy\" decoding=\"async\" width=\"1024\" height=\"1792\" class=\"gb-media-02407f84\" src=\"https:\/\/exposiq.ch\/wp-content\/uploads\/2026\/02\/zurich-security-switzerland.jpg\" alt=\"\" title=\"zurich-security-switzerland\" srcset=\"https:\/\/exposiq.ch\/wp-content\/uploads\/2026\/02\/zurich-security-switzerland.jpg 1024w, https:\/\/exposiq.ch\/wp-content\/uploads\/2026\/02\/zurich-security-switzerland-171x300.jpg 171w, https:\/\/exposiq.ch\/wp-content\/uploads\/2026\/02\/zurich-security-switzerland-585x1024.jpg 585w, https:\/\/exposiq.ch\/wp-content\/uploads\/2026\/02\/zurich-security-switzerland-768x1344.jpg 768w, https:\/\/exposiq.ch\/wp-content\/uploads\/2026\/02\/zurich-security-switzerland-878x1536.jpg 878w\" sizes=\"auto, (max-width: 1024px) 100vw, 1024px\" \/>\n\n\n\n<div class=\"gb-element-a1849218\">\n<h3 class=\"gb-text gb-text-b28c2409\">ExposIQ Platform<\/h3>\n\n\n\n<h2 class=\"gb-text gb-text-0f2e8cfc\">Expertise suisse en s\u00e9curit\u00e9 depuis plus de 30 ans<\/h2>\n\n\n\n<p>ExposIQ a \u00e9t\u00e9 fond\u00e9e par Andriu Isenring \u2013 sp\u00e9cialiste en s\u00e9curit\u00e9\ncertifi\u00e9 CISSP avec plus de 30 ans d&rsquo;exp\u00e9rience dans la s\u00e9curit\u00e9 informatique.\n\nAu fil de centaines de tests d&rsquo;intrusion et d&rsquo;\u00e9valuations de s\u00e9curit\u00e9 pour\ndes entreprises suisses et internationales \u2013 des PME aux grands groupes,\ndans des secteurs tels que la finance, l&rsquo;industrie, la sant\u00e9 et\nl&rsquo;administration publique \u2013 un constat s&rsquo;est confirm\u00e9 \u00e0 maintes reprises :\nla plupart des entreprises n&rsquo;\u00e9chouent pas par manque de technologie, mais\n\u00e0 cause de la complexit\u00e9 et des co\u00fbts des solutions de s\u00e9curit\u00e9 existantes.\n\nExposIQ met fin \u00e0 cela. La plateforme concentre l&rsquo;exp\u00e9rience de milliers\nd&rsquo;\u00e9valuations de s\u00e9curit\u00e9 r\u00e9elles dans un outil automatis\u00e9 qui offre la\nm\u00eame profondeur d&rsquo;analyse que les outils d&rsquo;entreprise \u2013 sans leur complexit\u00e9\nni leurs co\u00fbts.\n\nH\u00e9berg\u00e9e en Suisse. Rapports dans votre langue. Con\u00e7ue par quelqu&rsquo;un\nqui sait ce qui compte vraiment lors d&rsquo;un audit de s\u00e9curit\u00e9.<\/p>\n\n\n\n<p><br><a href=\"https:\/\/sites.generatepress.com\/solar\/#\" target=\"_blank\" rel=\"noopener\"><\/a><\/p>\n\n\n\n<a class=\"gb-text gb-text-3f22f103\" href=\"#\">D\u00e9couvrir la plateforme<\/a>\n<\/div>\n<\/div>\n<\/div>\n\n\n\n<div class=\"gb-element-39a8d74f\">\n<img loading=\"lazy\" decoding=\"async\" width=\"220\" height=\"120\" class=\"gb-media-d7eef182\" src=\"https:\/\/exposiq.ch\/wp-content\/uploads\/2026\/02\/badge-cissp.svg\" title=\"badge-cissp\" alt=\"\"\/>\n\n\n\n<img loading=\"lazy\" decoding=\"async\" width=\"220\" height=\"120\" class=\"gb-media-1d03f4c7\" src=\"https:\/\/exposiq.ch\/wp-content\/uploads\/2026\/02\/badge-encrypted.svg\" title=\"badge-encrypted\" alt=\"\"\/>\n\n\n\n<img loading=\"lazy\" decoding=\"async\" width=\"220\" height=\"120\" class=\"gb-media-e4b55073\" src=\"https:\/\/exposiq.ch\/wp-content\/uploads\/2026\/02\/badge-enterprise.svg\" title=\"badge-enterprise\" alt=\"\"\/>\n\n\n\n<img loading=\"lazy\" decoding=\"async\" width=\"220\" height=\"120\" class=\"gb-media-2524ffbf\" src=\"https:\/\/exposiq.ch\/wp-content\/uploads\/2026\/02\/badge-experience.svg\" title=\"badge-experience\" alt=\"\"\/>\n\n\n\n<img loading=\"lazy\" decoding=\"async\" width=\"220\" height=\"120\" class=\"gb-media-de495de0\" src=\"https:\/\/exposiq.ch\/wp-content\/uploads\/2026\/02\/badge-ndsg.svg\" title=\"badge-ndsg\" alt=\"\"\/>\n\n\n\n<img loading=\"lazy\" decoding=\"async\" width=\"220\" height=\"120\" class=\"gb-media-ce407077\" src=\"https:\/\/exposiq.ch\/wp-content\/uploads\/2026\/02\/badge-swiss-hosted.svg\" title=\"badge-swiss-hosted\" alt=\"\"\/>\n<\/div>\n\n\n\n<div class=\"gb-element-b24ccf75\">\n<div class=\"gb-element-cd901fa6\">\n<div class=\"gb-element-f1ff1cfa\">\n<h3 class=\"gb-text gb-text-a0aaa7a7\">LA PLATEFORME EN CHIFFRES<\/h3>\n\n\n\n<h2 class=\"gb-text gb-text-5c691d92\">Ce qu&rsquo;ExposIQ fait pour votre s\u00e9curit\u00e9<\/h2>\n<\/div>\n\n\n\n<div class=\"gb-element-266627f9\">\n<p>Apr\u00e8s des ann\u00e9es pass\u00e9es avec des outils d&rsquo;entreprise co\u00fbteux, surdimensionn\u00e9s\npour les PME, et des solutions open source n\u00e9cessitant trop d&rsquo;expertise, j&rsquo;ai\nd\u00e9velopp\u00e9 ExposIQ : une plateforme qui r\u00e9unit le meilleur des deux mondes \u2013\nune profondeur d&rsquo;analyse professionnelle avec une simplicit\u00e9 d&rsquo;utilisation,\n\u00e0 un prix \u00e9quitable.<\/p>\n\n\n\n<pre class=\"wp-block-code\"><code>Andriu Isenring, Fondateur &amp; CISSP<\/code><\/pre>\n<\/div>\n<\/div>\n\n\n\n<div class=\"gb-element-8c7a7491\">\n<div class=\"gb-element-f2173db5\">\n<div class=\"gb-element-8f397285\">\n<div class=\"gb-text gb-text-2c58b262\">35 +<\/div>\n\n\n\n<p>Scan Engines<\/p>\n<\/div>\n\n\n\n<div class=\"gb-element-4bcb39d5\">\n<div class=\"gb-text gb-text-39851d5c\">64&rsquo;000<\/div>\n\n\n\n<p>Biblioth\u00e8que CVE<\/p>\n<\/div>\n\n\n\n<div class=\"gb-element-db401cd5\">\n<div class=\"gb-text gb-text-3d58a677\">112<\/div>\n\n\n\n<p>Modules d&rsquo;exploit<\/p>\n<\/div>\n<\/div>\n<\/div>\n<\/div>\n\n\n\n<div class=\"gb-element-adb01520\">\n<div class=\"gb-element-fa090eb5\"><\/div>\n<\/div>\n\n\n\n<p><\/p>\n\n","protected":false},"excerpt":{"rendered":"<p>ExposIQ Platform Expertise suisse en s\u00e9curit\u00e9 depuis plus de 30 ans ExposIQ a \u00e9t\u00e9 fond\u00e9e par Andriu Isenring \u2013 sp\u00e9cialiste en s\u00e9curit\u00e9 certifi\u00e9 CISSP avec plus de 30 ans d&rsquo;exp\u00e9rience dans la s\u00e9curit\u00e9 informatique. Au fil de centaines de tests d&rsquo;intrusion et d&rsquo;\u00e9valuations de s\u00e9curit\u00e9 pour des entreprises suisses et internationales \u2013 des PME aux &#8230; <a title=\"\u00c0 propos\" class=\"read-more\" href=\"https:\/\/exposiq.ch\/fr\/about-us-fr\/\" aria-label=\"En savoir plus sur \u00c0 propos\">Lire plus<\/a><\/p>\n","protected":false},"author":0,"featured_media":0,"parent":0,"menu_order":0,"comment_status":"closed","ping_status":"closed","template":"","meta":{"rank_math_focus_keyword":"","rank_math_title":"","rank_math_description":"","rank_math_robots":"","rank_math_canonical_url":"","rank_math_primary_category":"","footnotes":""},"class_list":["post-944","page","type-page","status-publish"],"_links":{"self":[{"href":"https:\/\/exposiq.ch\/fr\/wp-json\/wp\/v2\/pages\/944","targetHints":{"allow":["GET"]}}],"collection":[{"href":"https:\/\/exposiq.ch\/fr\/wp-json\/wp\/v2\/pages"}],"about":[{"href":"https:\/\/exposiq.ch\/fr\/wp-json\/wp\/v2\/types\/page"}],"replies":[{"embeddable":true,"href":"https:\/\/exposiq.ch\/fr\/wp-json\/wp\/v2\/comments?post=944"}],"version-history":[{"count":1,"href":"https:\/\/exposiq.ch\/fr\/wp-json\/wp\/v2\/pages\/944\/revisions"}],"predecessor-version":[{"id":969,"href":"https:\/\/exposiq.ch\/fr\/wp-json\/wp\/v2\/pages\/944\/revisions\/969"}],"wp:attachment":[{"href":"https:\/\/exposiq.ch\/fr\/wp-json\/wp\/v2\/media?parent=944"}],"curies":[{"name":"wp","href":"https:\/\/api.w.org\/{rel}","templated":true}]}}